{"id":11,"date":"2020-12-08T10:15:51","date_gmt":"2020-12-08T13:15:51","guid":{"rendered":"https:\/\/consultoriasynergia.com.br\/dev\/cursos\/cadastro-de-alunos\/"},"modified":"2022-09-20T22:56:37","modified_gmt":"2022-09-21T01:56:37","slug":"cadastro-de-alunos","status":"publish","type":"page","link":"https:\/\/consultoriasynergia.com.br\/dev\/cursos\/cadastro-de-alunos\/","title":{"rendered":"Cadastre-se nos cursos"},"content":{"rendered":"\r\n\r\n\t\r\n\t<form method=\"post\" enctype=\"multipart\/form-data\" id=\"tutor-registration-from\">\r\n\t\t<input type=\"hidden\" name=\"tutor_course_enroll_attempt\" value=\"\">\r\n\t\t\r\n\t\t<input type=\"hidden\" id=\"_tutor_nonce\" name=\"_tutor_nonce\" value=\"959175cfe4\" \/><input type=\"hidden\" name=\"_wp_http_referer\" value=\"\/dev\/cursos\/wp-json\/wp\/v2\/pages\/11\" \/>\t\t<input type=\"hidden\" value=\"tutor_register_student\" name=\"tutor_action\"\/>\r\n\r\n\t\t\r\n\t\t<div class=\"tutor-form-row\">\r\n\t\t\t<div class=\"tutor-form-col-6\">\r\n\t\t\t\t<div class=\"tutor-form-group\">\r\n\t\t\t\t\t<label>\r\n\t\t\t\t\t\tNome\t\t\t\t\t<\/label>\r\n\r\n\t\t\t\t\t<input type=\"text\" name=\"first_name\" value=\"\" placeholder=\"Nome\" required autocomplete=\"given-name\">\r\n\t\t\t\t<\/div>\r\n\t\t\t<\/div>\r\n\r\n\t\t\t<div class=\"tutor-form-col-6\">\r\n\t\t\t\t<div class=\"tutor-form-group\">\r\n\t\t\t\t\t<label>\r\n\t\t\t\t\t\tSobrenome\t\t\t\t\t<\/label>\r\n\r\n\t\t\t\t\t<input type=\"text\" name=\"last_name\" value=\"\" placeholder=\"Sobrenome\" required autocomplete=\"family-name\">\r\n\t\t\t\t<\/div>\r\n\t\t\t<\/div>\r\n\r\n\t\t<\/div>\r\n\r\n\t\t<div class=\"tutor-form-row\">\r\n\t\t\t<div class=\"tutor-form-col-6\">\r\n\t\t\t\t<div class=\"tutor-form-group\">\r\n\t\t\t\t\t<label>\r\n\t\t\t\t\t\tUsu\u00e1rio\t\t\t\t\t<\/label>\r\n\r\n\t\t\t\t\t<input type=\"text\" name=\"user_login\" class=\"tutor_user_name\" value=\"\" placeholder=\"Usu\u00e1rio\" required autocomplete=\"username\">\r\n\t\t\t\t<\/div>\r\n\t\t\t<\/div>\r\n\r\n\t\t\t<div class=\"tutor-form-col-6\">\r\n\t\t\t\t<div class=\"tutor-form-group\">\r\n\t\t\t\t\t<label>\r\n\t\t\t\t\t\tE-mail\t\t\t\t\t<\/label>\r\n\r\n\t\t\t\t\t<input type=\"text\" name=\"email\" value=\"\" placeholder=\"E-mail\" required autocomplete=\"email\">\r\n\t\t\t\t<\/div>\r\n\t\t\t<\/div>\r\n\r\n\t\t<\/div>\r\n\r\n\t\t<div class=\"tutor-form-row\">\r\n\t\t\t<div class=\"tutor-form-col-6\">\r\n\t\t\t\t<div class=\"tutor-form-group\">\r\n\t\t\t\t\t<label>\r\n\t\t\t\t\t\tSenha\t\t\t\t\t<\/label>\r\n\r\n\t\t\t\t\t<input type=\"password\" name=\"password\" value=\"\" placeholder=\"Senha\" required autocomplete=\"new-password\">\r\n\t\t\t\t<\/div>\r\n\t\t\t<\/div>\r\n\r\n\t\t\t<div class=\"tutor-form-col-6\">\r\n\t\t\t\t<div class=\"tutor-form-group\">\r\n\t\t\t\t\t<label>\r\n\t\t\t\t\t\tConfirma\u00e7\u00e3o de senha\t\t\t\t\t<\/label>\r\n\r\n\t\t\t\t\t<input type=\"password\" name=\"password_confirmation\" value=\"\" placeholder=\"Confirma\u00e7\u00e3o de senha\" required autocomplete=\"new-password\">\r\n\t\t\t\t<\/div>\r\n\t\t\t<\/div>\r\n\t\t<\/div>\r\n\r\n\r\n\t\t<div class=\"tutor-form-row\">\r\n\t\t\t<div class=\"tutor-form-col-12\">\r\n\t\t\t\t<div class=\"tutor-form-group\">\r\n\t\t\t\t\t\t\t\t<\/div>\r\n\t\t\t<\/div>\r\n\t\t<\/div>    \r\n\r\n\t\t\r\n\t\t\t\t\t\t\t<div class=\"tutor-mb-24\">\r\n\t\t\t\tAo me inscrever, concordo com os termos do site <a target=\"_blank\" href=\"https:\/\/consultoriasynergia.com.br\/dev\/cursos\/lp-term-conditions\/\" title=\"Termos e condi\u00e7\u00f5es\">Termos e condi\u00e7\u00f5es<\/a>\r\n\t\t\t<\/div>\r\n\t\t\r\n\t\t<div>\r\n\t\t\t<button type=\"submit\" name=\"tutor_register_student_btn\" value=\"register\" class=\"tutor-btn tutor-btn-primary\">Cadastrar<\/button>\r\n\t\t<\/div>\r\n\r\n\t<\/form>\r\n\r\n\r\n","protected":false},"excerpt":{"rendered":"<p>Nome Sobrenome Usu\u00e1rio E-mail Senha Confirma\u00e7\u00e3o de senha Ao me inscrever, concordo com os termos do site Termos e condi\u00e7\u00f5es Cadastrar<\/p>\n","protected":false},"author":1,"featured_media":0,"parent":0,"menu_order":0,"comment_status":"closed","ping_status":"closed","template":"","meta":{"site-sidebar-layout":"default","site-content-layout":"","ast-site-content-layout":"","site-content-style":"default","site-sidebar-style":"default","ast-global-header-display":"","ast-banner-title-visibility":"","ast-main-header-display":"","ast-hfb-above-header-display":"","ast-hfb-below-header-display":"","ast-hfb-mobile-header-display":"","site-post-title":"","ast-breadcrumbs-content":"","ast-featured-img":"","footer-sml-layout":"","theme-transparent-header-meta":"","adv-header-id-meta":"","stick-header-meta":"","header-above-stick-meta":"","header-main-stick-meta":"","header-below-stick-meta":"","astra-migrate-meta-layouts":"default","ast-page-background-enabled":"default","ast-page-background-meta":{"desktop":{"background-color":"var(--ast-global-color-4)","background-image":"","background-repeat":"repeat","background-position":"center center","background-size":"auto","background-attachment":"scroll","background-type":"","background-media":"","overlay-type":"","overlay-color":"","overlay-opacity":"","overlay-gradient":""},"tablet":{"background-color":"","background-image":"","background-repeat":"repeat","background-position":"center center","background-size":"auto","background-attachment":"scroll","background-type":"","background-media":"","overlay-type":"","overlay-color":"","overlay-opacity":"","overlay-gradient":""},"mobile":{"background-color":"","background-image":"","background-repeat":"repeat","background-position":"center center","background-size":"auto","background-attachment":"scroll","background-type":"","background-media":"","overlay-type":"","overlay-color":"","overlay-opacity":"","overlay-gradient":""}},"ast-content-background-meta":{"desktop":{"background-color":"var(--ast-global-color-5)","background-image":"","background-repeat":"repeat","background-position":"center center","background-size":"auto","background-attachment":"scroll","background-type":"","background-media":"","overlay-type":"","overlay-color":"","overlay-opacity":"","overlay-gradient":""},"tablet":{"background-color":"var(--ast-global-color-5)","background-image":"","background-repeat":"repeat","background-position":"center center","background-size":"auto","background-attachment":"scroll","background-type":"","background-media":"","overlay-type":"","overlay-color":"","overlay-opacity":"","overlay-gradient":""},"mobile":{"background-color":"var(--ast-global-color-5)","background-image":"","background-repeat":"repeat","background-position":"center center","background-size":"auto","background-attachment":"scroll","background-type":"","background-media":"","overlay-type":"","overlay-color":"","overlay-opacity":"","overlay-gradient":""}},"footnotes":""},"class_list":["post-11","page","type-page","status-publish","hentry"],"_links":{"self":[{"href":"https:\/\/consultoriasynergia.com.br\/dev\/cursos\/wp-json\/wp\/v2\/pages\/11","targetHints":{"allow":["GET"]}}],"collection":[{"href":"https:\/\/consultoriasynergia.com.br\/dev\/cursos\/wp-json\/wp\/v2\/pages"}],"about":[{"href":"https:\/\/consultoriasynergia.com.br\/dev\/cursos\/wp-json\/wp\/v2\/types\/page"}],"author":[{"embeddable":true,"href":"https:\/\/consultoriasynergia.com.br\/dev\/cursos\/wp-json\/wp\/v2\/users\/1"}],"replies":[{"embeddable":true,"href":"https:\/\/consultoriasynergia.com.br\/dev\/cursos\/wp-json\/wp\/v2\/comments?post=11"}],"version-history":[{"count":0,"href":"https:\/\/consultoriasynergia.com.br\/dev\/cursos\/wp-json\/wp\/v2\/pages\/11\/revisions"}],"wp:attachment":[{"href":"https:\/\/consultoriasynergia.com.br\/dev\/cursos\/wp-json\/wp\/v2\/media?parent=11"}],"curies":[{"name":"wp","href":"https:\/\/api.w.org\/{rel}","templated":true}]}}